{"id":670,"date":"2023-09-05T09:08:19","date_gmt":"2023-09-05T09:08:19","guid":{"rendered":"http:\/\/stuttgart.portugal.de\/?page_id=670"},"modified":"2023-09-05T09:34:07","modified_gmt":"2023-09-05T09:34:07","slug":"oli-sanitaersysteme-2","status":"publish","type":"page","link":"http:\/\/stuttgart.portugal.de\/pt\/portugal-in-stuttgart\/investitionen\/oli-sanitaersysteme-2\/","title":{"rendered":"Oli Sanit\u00e4rsysteme"},"content":{"rendered":"<div data-elementor-type=\"wp-page\" data-elementor-id=\"670\" class=\"elementor elementor-670\">\n\t\t\t\t\t\t<section class=\"elementor-section elementor-top-section elementor-element elementor-element-3b16006 elementor-section-boxed elementor-section-height-default elementor-section-height-default\" data-id=\"3b16006\" data-element_type=\"section\">\n\t\t\t\t\t\t<div class=\"elementor-container elementor-column-gap-default\">\n\t\t\t\t\t<div class=\"elementor-column elementor-col-100 elementor-top-column elementor-element elementor-element-33b9f1f4\" data-id=\"33b9f1f4\" data-element_type=\"column\">\n\t\t\t<div class=\"elementor-widget-wrap elementor-element-populated\">\n\t\t\t\t\t\t<div class=\"elementor-element elementor-element-45e9c929 elementor-widget elementor-widget-image\" data-id=\"45e9c929\" data-element_type=\"widget\" data-widget_type=\"image.default\">\n\t\t\t\t<div class=\"elementor-widget-container\">\n\t\t\t\t\t\t\t\t\t\t\t\t\t\t\t\t<a href=\"http:\/\/www.bree.com\">\n\t\t\t\t\t\t\t<img fetchpriority=\"high\" decoding=\"async\" width=\"300\" height=\"300\" src=\"http:\/\/stuttgart.portugal.de\/wp-content\/uploads\/2023\/09\/oli-sanitaersysteme-300x300.jpg\" class=\"attachment-medium size-medium wp-image-654\" alt=\"\" srcset=\"http:\/\/stuttgart.portugal.de\/wp-content\/uploads\/2023\/09\/oli-sanitaersysteme-300x300.jpg 300w, http:\/\/stuttgart.portugal.de\/wp-content\/uploads\/2023\/09\/oli-sanitaersysteme-e1693904642501-150x150.jpg 150w, http:\/\/stuttgart.portugal.de\/wp-content\/uploads\/2023\/09\/oli-sanitaersysteme-e1693904642501-12x12.jpg 12w, http:\/\/stuttgart.portugal.de\/wp-content\/uploads\/2023\/09\/oli-sanitaersysteme-e1693904642501.jpg 275w\" sizes=\"100vw\" \/>\t\t\t\t\t\t\t\t<\/a>\n\t\t\t\t\t\t\t\t\t\t\t\t\t\t\t<\/div>\n\t\t\t\t<\/div>\n\t\t\t\t\t<\/div>\n\t\t<\/div>\n\t\t\t\t\t<\/div>\n\t\t<\/section>\n\t\t\t\t<section class=\"elementor-section elementor-top-section elementor-element elementor-element-29bebb7b elementor-section-boxed elementor-section-height-default elementor-section-height-default\" data-id=\"29bebb7b\" data-element_type=\"section\">\n\t\t\t\t\t\t<div class=\"elementor-container elementor-column-gap-default\">\n\t\t\t\t\t<div class=\"elementor-column elementor-col-50 elementor-top-column elementor-element elementor-element-f04804b\" data-id=\"f04804b\" data-element_type=\"column\">\n\t\t\t<div class=\"elementor-widget-wrap elementor-element-populated\">\n\t\t\t\t\t\t<div class=\"elementor-element elementor-element-4eb1b8ec elementor-widget elementor-widget-heading\" data-id=\"4eb1b8ec\" data-element_type=\"widget\" data-widget_type=\"heading.default\">\n\t\t\t\t<div class=\"elementor-widget-container\">\n\t\t\t\t\t<h3 class=\"elementor-heading-title elementor-size-default\">... em Portugal<\/h3>\t\t\t\t<\/div>\n\t\t\t\t<\/div>\n\t\t\t\t<div class=\"elementor-element elementor-element-6fd51c14 elementor-widget elementor-widget-text-editor\" data-id=\"6fd51c14\" data-element_type=\"widget\" data-widget_type=\"text-editor.default\">\n\t\t\t\t<div class=\"elementor-widget-container\">\n\t\t\t\t\t\t\t\t\t<p><strong>Nome: <\/strong>Oli &#8211; Sistemas Sanit\u00e1rios, S.A.<\/p><p><strong>Localiza\u00e7\u00e3o: <\/strong>Travessa de Mil\u00e3o &#8211; Esgueira, 3800-314 Aveiro<\/p><p><strong style=\"font-family: var( --e-global-typography-text-font-family ), Sans-serif;\">Setor: <\/strong>Equipamento e Material p\/Constru\u00e7\u00e3o - Outros<\/p>\t\t\t\t\t\t\t\t<\/div>\n\t\t\t\t<\/div>\n\t\t\t\t\t<\/div>\n\t\t<\/div>\n\t\t\t\t<div class=\"elementor-column elementor-col-50 elementor-top-column elementor-element elementor-element-4ef60143\" data-id=\"4ef60143\" data-element_type=\"column\">\n\t\t\t<div class=\"elementor-widget-wrap elementor-element-populated\">\n\t\t\t\t\t\t<div class=\"elementor-element elementor-element-422a5c90 elementor-widget elementor-widget-heading\" data-id=\"422a5c90\" data-element_type=\"widget\" data-widget_type=\"heading.default\">\n\t\t\t\t<div class=\"elementor-widget-container\">\n\t\t\t\t\t<h3 class=\"elementor-heading-title elementor-size-default\">... na Alemanha<\/h3>\t\t\t\t<\/div>\n\t\t\t\t<\/div>\n\t\t\t\t<div class=\"elementor-element elementor-element-63ba0505 elementor-widget elementor-widget-text-editor\" data-id=\"63ba0505\" data-element_type=\"widget\" data-widget_type=\"text-editor.default\">\n\t\t\t\t<div class=\"elementor-widget-container\">\n\t\t\t\t\t\t\t\t\t<p><strong>Nome: <\/strong>Oli Sanit\u00e4rsysteme GmbH<\/p><p><strong>Localiza\u00e7\u00e3o: <\/strong>Bittelbronner Str. 42, 74219 M\u00f6ckm\u00fchl<\/p><p><strong>Setor: <\/strong>Equipamento e Material p\/Constru\u00e7\u00e3o - Outros<\/p>\t\t\t\t\t\t\t\t<\/div>\n\t\t\t\t<\/div>\n\t\t\t\t\t<\/div>\n\t\t<\/div>\n\t\t\t\t\t<\/div>\n\t\t<\/section>\n\t\t\t\t<section class=\"elementor-section elementor-top-section elementor-element elementor-element-49187a05 elementor-section-boxed elementor-section-height-default elementor-section-height-default\" data-id=\"49187a05\" data-element_type=\"section\">\n\t\t\t\t\t\t<div class=\"elementor-container elementor-column-gap-default\">\n\t\t\t\t\t<div class=\"elementor-column elementor-col-50 elementor-top-column elementor-element elementor-element-3f17fa05\" data-id=\"3f17fa05\" data-element_type=\"column\">\n\t\t\t<div class=\"elementor-widget-wrap elementor-element-populated\">\n\t\t\t\t\t\t<div class=\"elementor-element elementor-element-2c68aea8 elementor-align-left elementor-widget elementor-widget-button\" data-id=\"2c68aea8\" data-element_type=\"widget\" data-widget_type=\"button.default\">\n\t\t\t\t<div class=\"elementor-widget-container\">\n\t\t\t\t\t\t\t\t\t<div class=\"elementor-button-wrapper\">\n\t\t\t\t\t<a class=\"elementor-button elementor-button-link elementor-size-sm\" href=\"http:\/\/www.oli-world.com\/pt\/\" target=\"_blank\">\n\t\t\t\t\t\t<span class=\"elementor-button-content-wrapper\">\n\t\t\t\t\t\t\t\t\t<span class=\"elementor-button-text\">Website<\/span>\n\t\t\t\t\t<\/span>\n\t\t\t\t\t<\/a>\n\t\t\t\t<\/div>\n\t\t\t\t\t\t\t\t<\/div>\n\t\t\t\t<\/div>\n\t\t\t\t\t<\/div>\n\t\t<\/div>\n\t\t\t\t<div class=\"elementor-column elementor-col-50 elementor-top-column elementor-element elementor-element-275ac5b9\" data-id=\"275ac5b9\" data-element_type=\"column\">\n\t\t\t<div class=\"elementor-widget-wrap elementor-element-populated\">\n\t\t\t\t\t\t<div class=\"elementor-element elementor-element-16651315 elementor-align-left elementor-widget elementor-widget-button\" data-id=\"16651315\" data-element_type=\"widget\" data-widget_type=\"button.default\">\n\t\t\t\t<div class=\"elementor-widget-container\">\n\t\t\t\t\t\t\t\t\t<div class=\"elementor-button-wrapper\">\n\t\t\t\t\t<a class=\"elementor-button elementor-button-link elementor-size-sm\" href=\"http:\/\/www.oli-world.com\" target=\"_blank\">\n\t\t\t\t\t\t<span class=\"elementor-button-content-wrapper\">\n\t\t\t\t\t\t\t\t\t<span class=\"elementor-button-text\">Website<\/span>\n\t\t\t\t\t<\/span>\n\t\t\t\t\t<\/a>\n\t\t\t\t<\/div>\n\t\t\t\t\t\t\t\t<\/div>\n\t\t\t\t<\/div>\n\t\t\t\t\t<\/div>\n\t\t<\/div>\n\t\t\t\t\t<\/div>\n\t\t<\/section>\n\t\t\t\t<\/div>","protected":false},"excerpt":{"rendered":"<p>&#8230; in Portugal Name: Oli &#8211; Sistemas Sanit\u00e1rios, S.A. Standort: Travessa de Mil\u00e3o &#8211; Esgueira, 3800-314 Aveiro Branche: Bauger\u00e4te und Baumaterial &#8211; Sonstiges &#8230; in Deutschland Name: Oli Sanit\u00e4rsysteme GmbH Standort: Bittelbronner Str. 42, 74219 M\u00f6ckm\u00fchl Branche: Bauger\u00e4te und Baumaterial &#8211; Sonstiges Website Website<\/p>","protected":false},"author":2,"featured_media":0,"parent":106,"menu_order":0,"comment_status":"closed","ping_status":"closed","template":"","meta":{"footnotes":"","inspiro_hide_title":false},"_links":{"self":[{"href":"http:\/\/stuttgart.portugal.de\/pt\/wp-json\/wp\/v2\/pages\/670"}],"collection":[{"href":"http:\/\/stuttgart.portugal.de\/pt\/wp-json\/wp\/v2\/pages"}],"about":[{"href":"http:\/\/stuttgart.portugal.de\/pt\/wp-json\/wp\/v2\/types\/page"}],"author":[{"embeddable":true,"href":"http:\/\/stuttgart.portugal.de\/pt\/wp-json\/wp\/v2\/users\/2"}],"replies":[{"embeddable":true,"href":"http:\/\/stuttgart.portugal.de\/pt\/wp-json\/wp\/v2\/comments?post=670"}],"version-history":[{"count":5,"href":"http:\/\/stuttgart.portugal.de\/pt\/wp-json\/wp\/v2\/pages\/670\/revisions"}],"predecessor-version":[{"id":733,"href":"http:\/\/stuttgart.portugal.de\/pt\/wp-json\/wp\/v2\/pages\/670\/revisions\/733"}],"up":[{"embeddable":true,"href":"http:\/\/stuttgart.portugal.de\/pt\/wp-json\/wp\/v2\/pages\/106"}],"wp:attachment":[{"href":"http:\/\/stuttgart.portugal.de\/pt\/wp-json\/wp\/v2\/media?parent=670"}],"curies":[{"name":"wp","href":"https:\/\/api.w.org\/{rel}","templated":true}]}}