{"id":668,"date":"2023-09-05T09:05:16","date_gmt":"2023-09-05T09:05:16","guid":{"rendered":"http:\/\/stuttgart.portugal.de\/?page_id=668"},"modified":"2023-09-05T09:29:47","modified_gmt":"2023-09-05T09:29:47","slug":"inova-de-2","status":"publish","type":"page","link":"http:\/\/stuttgart.portugal.de\/pt\/portugal-in-stuttgart\/investitionen\/inova-de-2\/","title":{"rendered":"Inova DE"},"content":{"rendered":"<div data-elementor-type=\"wp-page\" data-elementor-id=\"668\" class=\"elementor elementor-668\">\n\t\t\t\t\t\t<section class=\"elementor-section elementor-top-section elementor-element elementor-element-4f18231d elementor-section-boxed elementor-section-height-default elementor-section-height-default\" data-id=\"4f18231d\" data-element_type=\"section\">\n\t\t\t\t\t\t<div class=\"elementor-container elementor-column-gap-default\">\n\t\t\t\t\t<div class=\"elementor-column elementor-col-100 elementor-top-column elementor-element elementor-element-63da209\" data-id=\"63da209\" data-element_type=\"column\">\n\t\t\t<div class=\"elementor-widget-wrap elementor-element-populated\">\n\t\t\t\t\t\t<div class=\"elementor-element elementor-element-6957cfba elementor-widget elementor-widget-image\" data-id=\"6957cfba\" data-element_type=\"widget\" data-widget_type=\"image.default\">\n\t\t\t\t<div class=\"elementor-widget-container\">\n\t\t\t\t\t\t\t\t\t\t\t\t\t\t\t\t<a href=\"http:\/\/www.bree.com\">\n\t\t\t\t\t\t\t<img decoding=\"async\" width=\"200\" height=\"200\" src=\"http:\/\/stuttgart.portugal.de\/wp-content\/uploads\/2023\/09\/Inova-DE.jpg\" class=\"attachment-medium size-medium wp-image-657\" alt=\"\" srcset=\"http:\/\/stuttgart.portugal.de\/wp-content\/uploads\/2023\/09\/Inova-DE.jpg 200w, http:\/\/stuttgart.portugal.de\/wp-content\/uploads\/2023\/09\/Inova-DE-150x150.jpg 150w, http:\/\/stuttgart.portugal.de\/wp-content\/uploads\/2023\/09\/Inova-DE-12x12.jpg 12w\" sizes=\"100vw\" \/>\t\t\t\t\t\t\t\t<\/a>\n\t\t\t\t\t\t\t\t\t\t\t\t\t\t\t<\/div>\n\t\t\t\t<\/div>\n\t\t\t\t\t<\/div>\n\t\t<\/div>\n\t\t\t\t\t<\/div>\n\t\t<\/section>\n\t\t\t\t<section class=\"elementor-section elementor-top-section elementor-element elementor-element-22bac92c elementor-section-boxed elementor-section-height-default elementor-section-height-default\" data-id=\"22bac92c\" data-element_type=\"section\">\n\t\t\t\t\t\t<div class=\"elementor-container elementor-column-gap-default\">\n\t\t\t\t\t<div class=\"elementor-column elementor-col-50 elementor-top-column elementor-element elementor-element-17dbee98\" data-id=\"17dbee98\" data-element_type=\"column\">\n\t\t\t<div class=\"elementor-widget-wrap elementor-element-populated\">\n\t\t\t\t\t\t<div class=\"elementor-element elementor-element-5713a848 elementor-widget elementor-widget-heading\" data-id=\"5713a848\" data-element_type=\"widget\" data-widget_type=\"heading.default\">\n\t\t\t\t<div class=\"elementor-widget-container\">\n\t\t\t\t\t<h3 class=\"elementor-heading-title elementor-size-default\">... em Portugal<\/h3>\t\t\t\t<\/div>\n\t\t\t\t<\/div>\n\t\t\t\t<div class=\"elementor-element elementor-element-260eb476 elementor-widget elementor-widget-text-editor\" data-id=\"260eb476\" data-element_type=\"widget\" data-widget_type=\"text-editor.default\">\n\t\t\t\t<div class=\"elementor-widget-container\">\n\t\t\t\t\t\t\t\t\t<p><strong>Nome: <\/strong>Inova+ &#8211; Innovation Services, S.A.<\/p><p><strong>Localiza\u00e7\u00e3o: <\/strong>Rua Afonso Cordeiro 877, 4450-007 Matosinhos<\/p><p><strong style=\"font-family: var( --e-global-typography-text-font-family ), Sans-serif;\">Setor: <\/strong>Servi\u00e7os e Distribui\u00e7\u00e3o - Consultoria<\/p>\t\t\t\t\t\t\t\t<\/div>\n\t\t\t\t<\/div>\n\t\t\t\t\t<\/div>\n\t\t<\/div>\n\t\t\t\t<div class=\"elementor-column elementor-col-50 elementor-top-column elementor-element elementor-element-288099d\" data-id=\"288099d\" data-element_type=\"column\">\n\t\t\t<div class=\"elementor-widget-wrap elementor-element-populated\">\n\t\t\t\t\t\t<div class=\"elementor-element elementor-element-590dab38 elementor-widget elementor-widget-heading\" data-id=\"590dab38\" data-element_type=\"widget\" data-widget_type=\"heading.default\">\n\t\t\t\t<div class=\"elementor-widget-container\">\n\t\t\t\t\t<h3 class=\"elementor-heading-title elementor-size-default\">... na Alemanha<\/h3>\t\t\t\t<\/div>\n\t\t\t\t<\/div>\n\t\t\t\t<div class=\"elementor-element elementor-element-2226b28 elementor-widget elementor-widget-text-editor\" data-id=\"2226b28\" data-element_type=\"widget\" data-widget_type=\"text-editor.default\">\n\t\t\t\t<div class=\"elementor-widget-container\">\n\t\t\t\t\t\t\t\t\t<p><strong>Nome: <\/strong>Inova DE GmbH<\/p><p><strong>Localiza\u00e7\u00e3o: <\/strong>Im Neuenheimer Feld 515, 69120 Heidelberg<\/p><p><strong>Setor: <\/strong>Tecnologias e Inova\u00e7\u00e3o - Desenvolvimento de Software<\/p>\t\t\t\t\t\t\t\t<\/div>\n\t\t\t\t<\/div>\n\t\t\t\t\t<\/div>\n\t\t<\/div>\n\t\t\t\t\t<\/div>\n\t\t<\/section>\n\t\t\t\t<section class=\"elementor-section elementor-top-section elementor-element elementor-element-72950b71 elementor-section-boxed elementor-section-height-default elementor-section-height-default\" data-id=\"72950b71\" data-element_type=\"section\">\n\t\t\t\t\t\t<div class=\"elementor-container elementor-column-gap-default\">\n\t\t\t\t\t<div class=\"elementor-column elementor-col-50 elementor-top-column elementor-element elementor-element-3462dd80\" data-id=\"3462dd80\" data-element_type=\"column\">\n\t\t\t<div class=\"elementor-widget-wrap elementor-element-populated\">\n\t\t\t\t\t\t<div class=\"elementor-element elementor-element-29ac4366 elementor-align-left elementor-widget elementor-widget-button\" data-id=\"29ac4366\" data-element_type=\"widget\" data-widget_type=\"button.default\">\n\t\t\t\t<div class=\"elementor-widget-container\">\n\t\t\t\t\t\t\t\t\t<div class=\"elementor-button-wrapper\">\n\t\t\t\t\t<a class=\"elementor-button elementor-button-link elementor-size-sm\" href=\"http:\/\/www.inova.business\" target=\"_blank\">\n\t\t\t\t\t\t<span class=\"elementor-button-content-wrapper\">\n\t\t\t\t\t\t\t\t\t<span class=\"elementor-button-text\">Website<\/span>\n\t\t\t\t\t<\/span>\n\t\t\t\t\t<\/a>\n\t\t\t\t<\/div>\n\t\t\t\t\t\t\t\t<\/div>\n\t\t\t\t<\/div>\n\t\t\t\t\t<\/div>\n\t\t<\/div>\n\t\t\t\t<div class=\"elementor-column elementor-col-50 elementor-top-column elementor-element elementor-element-13997c7f\" data-id=\"13997c7f\" data-element_type=\"column\">\n\t\t\t<div class=\"elementor-widget-wrap elementor-element-populated\">\n\t\t\t\t\t\t<div class=\"elementor-element elementor-element-c6b296e elementor-align-left elementor-widget elementor-widget-button\" data-id=\"c6b296e\" data-element_type=\"widget\" data-widget_type=\"button.default\">\n\t\t\t\t<div class=\"elementor-widget-container\">\n\t\t\t\t\t\t\t\t\t<div class=\"elementor-button-wrapper\">\n\t\t\t\t\t<a class=\"elementor-button elementor-button-link elementor-size-sm\" href=\"http:\/\/www.inova.business\" target=\"_blank\">\n\t\t\t\t\t\t<span class=\"elementor-button-content-wrapper\">\n\t\t\t\t\t\t\t\t\t<span class=\"elementor-button-text\">Website<\/span>\n\t\t\t\t\t<\/span>\n\t\t\t\t\t<\/a>\n\t\t\t\t<\/div>\n\t\t\t\t\t\t\t\t<\/div>\n\t\t\t\t<\/div>\n\t\t\t\t\t<\/div>\n\t\t<\/div>\n\t\t\t\t\t<\/div>\n\t\t<\/section>\n\t\t\t\t<\/div>","protected":false},"excerpt":{"rendered":"<p>&#8230; in Portugal Name: Inova+ &#8211; Innovation Services, S.A. Standort: Rua Afonso Cordeiro 877, 4450-007 Matosinhos Branche: Dienstleistungen und Vertrieb &#8211; Beratung &#8230; in Deutschland Name: Inova DE GmbH Standort: Im Neuenheimer Feld 515, 69120 Heidelberg Branche: Technologien und Innovation &#8211; Software-Entwicklung Website Website<\/p>","protected":false},"author":2,"featured_media":0,"parent":106,"menu_order":0,"comment_status":"closed","ping_status":"closed","template":"","meta":{"footnotes":"","inspiro_hide_title":false},"_links":{"self":[{"href":"http:\/\/stuttgart.portugal.de\/pt\/wp-json\/wp\/v2\/pages\/668"}],"collection":[{"href":"http:\/\/stuttgart.portugal.de\/pt\/wp-json\/wp\/v2\/pages"}],"about":[{"href":"http:\/\/stuttgart.portugal.de\/pt\/wp-json\/wp\/v2\/types\/page"}],"author":[{"embeddable":true,"href":"http:\/\/stuttgart.portugal.de\/pt\/wp-json\/wp\/v2\/users\/2"}],"replies":[{"embeddable":true,"href":"http:\/\/stuttgart.portugal.de\/pt\/wp-json\/wp\/v2\/comments?post=668"}],"version-history":[{"count":8,"href":"http:\/\/stuttgart.portugal.de\/pt\/wp-json\/wp\/v2\/pages\/668\/revisions"}],"predecessor-version":[{"id":724,"href":"http:\/\/stuttgart.portugal.de\/pt\/wp-json\/wp\/v2\/pages\/668\/revisions\/724"}],"up":[{"embeddable":true,"href":"http:\/\/stuttgart.portugal.de\/pt\/wp-json\/wp\/v2\/pages\/106"}],"wp:attachment":[{"href":"http:\/\/stuttgart.portugal.de\/pt\/wp-json\/wp\/v2\/media?parent=668"}],"curies":[{"name":"wp","href":"https:\/\/api.w.org\/{rel}","templated":true}]}}