{"id":666,"date":"2023-09-05T09:05:08","date_gmt":"2023-09-05T09:05:08","guid":{"rendered":"http:\/\/stuttgart.portugal.de\/?page_id=666"},"modified":"2023-09-05T09:24:57","modified_gmt":"2023-09-05T09:24:57","slug":"construction-concept-europe-2","status":"publish","type":"page","link":"http:\/\/stuttgart.portugal.de\/pt\/portugal-in-stuttgart\/investitionen\/construction-concept-europe-2\/","title":{"rendered":"Construction Concept Europe"},"content":{"rendered":"<div data-elementor-type=\"wp-page\" data-elementor-id=\"666\" class=\"elementor elementor-666\">\n\t\t\t\t\t\t<section class=\"elementor-section elementor-top-section elementor-element elementor-element-ab89dd5 elementor-section-boxed elementor-section-height-default elementor-section-height-default\" data-id=\"ab89dd5\" data-element_type=\"section\">\n\t\t\t\t\t\t<div class=\"elementor-container elementor-column-gap-default\">\n\t\t\t\t\t<div class=\"elementor-column elementor-col-100 elementor-top-column elementor-element elementor-element-12a58b88\" data-id=\"12a58b88\" data-element_type=\"column\">\n\t\t\t<div class=\"elementor-widget-wrap elementor-element-populated\">\n\t\t\t\t\t\t<div class=\"elementor-element elementor-element-3848969 elementor-widget elementor-widget-image\" data-id=\"3848969\" data-element_type=\"widget\" data-widget_type=\"image.default\">\n\t\t\t\t<div class=\"elementor-widget-container\">\n\t\t\t\t\t\t\t\t\t\t\t\t\t\t\t\t<a href=\"http:\/\/www.bree.com\">\n\t\t\t\t\t\t\t<img fetchpriority=\"high\" decoding=\"async\" width=\"300\" height=\"300\" src=\"http:\/\/stuttgart.portugal.de\/wp-content\/uploads\/2023\/09\/Construction-Concept-Europe-300x300.jpg\" class=\"attachment-medium size-medium wp-image-653\" alt=\"\" srcset=\"http:\/\/stuttgart.portugal.de\/wp-content\/uploads\/2023\/09\/Construction-Concept-Europe-300x300.jpg 300w, http:\/\/stuttgart.portugal.de\/wp-content\/uploads\/2023\/09\/Construction-Concept-Europe-1024x1024.jpg 1024w, http:\/\/stuttgart.portugal.de\/wp-content\/uploads\/2023\/09\/Construction-Concept-Europe-e1693904574429-150x150.jpg 150w, http:\/\/stuttgart.portugal.de\/wp-content\/uploads\/2023\/09\/Construction-Concept-Europe-768x768.jpg 768w, http:\/\/stuttgart.portugal.de\/wp-content\/uploads\/2023\/09\/Construction-Concept-Europe-1536x1536.jpg 1536w, http:\/\/stuttgart.portugal.de\/wp-content\/uploads\/2023\/09\/Construction-Concept-Europe-2048x2048.jpg 2048w, http:\/\/stuttgart.portugal.de\/wp-content\/uploads\/2023\/09\/Construction-Concept-Europe-e1693904574429-12x12.jpg 12w, http:\/\/stuttgart.portugal.de\/wp-content\/uploads\/2023\/09\/Construction-Concept-Europe-2000x2000.jpg 2000w, http:\/\/stuttgart.portugal.de\/wp-content\/uploads\/2023\/09\/Construction-Concept-Europe-e1693904574429.jpg 275w\" sizes=\"100vw\" \/>\t\t\t\t\t\t\t\t<\/a>\n\t\t\t\t\t\t\t\t\t\t\t\t\t\t\t<\/div>\n\t\t\t\t<\/div>\n\t\t\t\t\t<\/div>\n\t\t<\/div>\n\t\t\t\t\t<\/div>\n\t\t<\/section>\n\t\t\t\t<section class=\"elementor-section elementor-top-section elementor-element elementor-element-738996ee elementor-section-boxed elementor-section-height-default elementor-section-height-default\" data-id=\"738996ee\" data-element_type=\"section\">\n\t\t\t\t\t\t<div class=\"elementor-container elementor-column-gap-default\">\n\t\t\t\t\t<div class=\"elementor-column elementor-col-50 elementor-top-column elementor-element elementor-element-65bb145a\" data-id=\"65bb145a\" data-element_type=\"column\">\n\t\t\t<div class=\"elementor-widget-wrap elementor-element-populated\">\n\t\t\t\t\t\t<div class=\"elementor-element elementor-element-756ce173 elementor-widget elementor-widget-heading\" data-id=\"756ce173\" data-element_type=\"widget\" data-widget_type=\"heading.default\">\n\t\t\t\t<div class=\"elementor-widget-container\">\n\t\t\t\t\t<h3 class=\"elementor-heading-title elementor-size-default\">... em Portugal<\/h3>\t\t\t\t<\/div>\n\t\t\t\t<\/div>\n\t\t\t\t<div class=\"elementor-element elementor-element-5475b987 elementor-widget elementor-widget-text-editor\" data-id=\"5475b987\" data-element_type=\"widget\" data-widget_type=\"text-editor.default\">\n\t\t\t\t<div class=\"elementor-widget-container\">\n\t\t\t\t\t\t\t\t\t<p><strong>Nome: <\/strong>Construction Concept Europe, Lda.<\/p><p><strong>Localiza\u00e7\u00e3o: <\/strong>Estrada de Alfragide 67, Alfrapark, 2610-008 Amadora<\/p><p><strong style=\"font-family: var( --e-global-typography-text-font-family ), Sans-serif;\">Setor: <\/strong>Servi\u00e7os e Distribui\u00e7\u00e3o - Constru\u00e7\u00e3o e Obras P\u00fablicas<\/p>\t\t\t\t\t\t\t\t<\/div>\n\t\t\t\t<\/div>\n\t\t\t\t\t<\/div>\n\t\t<\/div>\n\t\t\t\t<div class=\"elementor-column elementor-col-50 elementor-top-column elementor-element elementor-element-4165b841\" data-id=\"4165b841\" data-element_type=\"column\">\n\t\t\t<div class=\"elementor-widget-wrap elementor-element-populated\">\n\t\t\t\t\t\t<div class=\"elementor-element elementor-element-61fbe850 elementor-widget elementor-widget-heading\" data-id=\"61fbe850\" data-element_type=\"widget\" data-widget_type=\"heading.default\">\n\t\t\t\t<div class=\"elementor-widget-container\">\n\t\t\t\t\t<h3 class=\"elementor-heading-title elementor-size-default\">... na Alemanha<\/h3>\t\t\t\t<\/div>\n\t\t\t\t<\/div>\n\t\t\t\t<div class=\"elementor-element elementor-element-2191ecbf elementor-widget elementor-widget-text-editor\" data-id=\"2191ecbf\" data-element_type=\"widget\" data-widget_type=\"text-editor.default\">\n\t\t\t\t<div class=\"elementor-widget-container\">\n\t\t\t\t\t\t\t\t\t<p><strong>Nome: <\/strong>Construction Concept Europe<\/p><p><strong>Localiza\u00e7\u00e3o: <\/strong>Lauterburgstr. 7, 70469 Stuttgart<\/p><p><strong>Setor: <\/strong>Servi\u00e7os e Distribui\u00e7\u00e3o - Constru\u00e7\u00e3o e Obras P\u00fablicas<\/p>\t\t\t\t\t\t\t\t<\/div>\n\t\t\t\t<\/div>\n\t\t\t\t\t<\/div>\n\t\t<\/div>\n\t\t\t\t\t<\/div>\n\t\t<\/section>\n\t\t\t\t<section class=\"elementor-section elementor-top-section elementor-element elementor-element-6d7989a2 elementor-section-boxed elementor-section-height-default elementor-section-height-default\" data-id=\"6d7989a2\" data-element_type=\"section\">\n\t\t\t\t\t\t<div class=\"elementor-container elementor-column-gap-default\">\n\t\t\t\t\t<div class=\"elementor-column elementor-col-50 elementor-top-column elementor-element elementor-element-3eb9c8f1\" data-id=\"3eb9c8f1\" data-element_type=\"column\">\n\t\t\t<div class=\"elementor-widget-wrap elementor-element-populated\">\n\t\t\t\t\t\t<div class=\"elementor-element elementor-element-5a752ab6 elementor-align-left elementor-widget elementor-widget-button\" data-id=\"5a752ab6\" data-element_type=\"widget\" data-widget_type=\"button.default\">\n\t\t\t\t<div class=\"elementor-widget-container\">\n\t\t\t\t\t\t\t\t\t<div class=\"elementor-button-wrapper\">\n\t\t\t\t\t<a class=\"elementor-button elementor-button-link elementor-size-sm\" href=\"http:\/\/www.constructionconcept.eu\" target=\"_blank\">\n\t\t\t\t\t\t<span class=\"elementor-button-content-wrapper\">\n\t\t\t\t\t\t\t\t\t<span class=\"elementor-button-text\">Website<\/span>\n\t\t\t\t\t<\/span>\n\t\t\t\t\t<\/a>\n\t\t\t\t<\/div>\n\t\t\t\t\t\t\t\t<\/div>\n\t\t\t\t<\/div>\n\t\t\t\t\t<\/div>\n\t\t<\/div>\n\t\t\t\t<div class=\"elementor-column elementor-col-50 elementor-top-column elementor-element elementor-element-3deea250\" data-id=\"3deea250\" data-element_type=\"column\">\n\t\t\t<div class=\"elementor-widget-wrap elementor-element-populated\">\n\t\t\t\t\t\t<div class=\"elementor-element elementor-element-38bc3f17 elementor-align-left elementor-widget elementor-widget-button\" data-id=\"38bc3f17\" data-element_type=\"widget\" data-widget_type=\"button.default\">\n\t\t\t\t<div class=\"elementor-widget-container\">\n\t\t\t\t\t\t\t\t\t<div class=\"elementor-button-wrapper\">\n\t\t\t\t\t<a class=\"elementor-button elementor-button-link elementor-size-sm\" href=\"https:\/\/www.constructionconcept.eu\/\" target=\"_blank\">\n\t\t\t\t\t\t<span class=\"elementor-button-content-wrapper\">\n\t\t\t\t\t\t\t\t\t<span class=\"elementor-button-text\">Website<\/span>\n\t\t\t\t\t<\/span>\n\t\t\t\t\t<\/a>\n\t\t\t\t<\/div>\n\t\t\t\t\t\t\t\t<\/div>\n\t\t\t\t<\/div>\n\t\t\t\t\t<\/div>\n\t\t<\/div>\n\t\t\t\t\t<\/div>\n\t\t<\/section>\n\t\t\t\t<\/div>","protected":false},"excerpt":{"rendered":"<p>&#8230; in Portugal Name: Construction Concept Europe, Lda. Standort: Estrada de Alfragide 67, Alfrapark, 2610-008 Amadora Branche: Dienstleistungen und Vertrieb &#8211; Bauwesen und \u00f6ffentliche Arbeiten &#8230; in Deutschland Name: Construction Concept Europe Standort: Lauterburgstr. 7, 70469 Stuttgart Branche: Dienstleistungen und Vertrieb &#8211; Bauwesen und \u00f6ffentliche Arbeiten Website Website<\/p>","protected":false},"author":2,"featured_media":0,"parent":106,"menu_order":0,"comment_status":"closed","ping_status":"closed","template":"","meta":{"footnotes":"","inspiro_hide_title":false},"_links":{"self":[{"href":"http:\/\/stuttgart.portugal.de\/pt\/wp-json\/wp\/v2\/pages\/666"}],"collection":[{"href":"http:\/\/stuttgart.portugal.de\/pt\/wp-json\/wp\/v2\/pages"}],"about":[{"href":"http:\/\/stuttgart.portugal.de\/pt\/wp-json\/wp\/v2\/types\/page"}],"author":[{"embeddable":true,"href":"http:\/\/stuttgart.portugal.de\/pt\/wp-json\/wp\/v2\/users\/2"}],"replies":[{"embeddable":true,"href":"http:\/\/stuttgart.portugal.de\/pt\/wp-json\/wp\/v2\/comments?post=666"}],"version-history":[{"count":8,"href":"http:\/\/stuttgart.portugal.de\/pt\/wp-json\/wp\/v2\/pages\/666\/revisions"}],"predecessor-version":[{"id":715,"href":"http:\/\/stuttgart.portugal.de\/pt\/wp-json\/wp\/v2\/pages\/666\/revisions\/715"}],"up":[{"embeddable":true,"href":"http:\/\/stuttgart.portugal.de\/pt\/wp-json\/wp\/v2\/pages\/106"}],"wp:attachment":[{"href":"http:\/\/stuttgart.portugal.de\/pt\/wp-json\/wp\/v2\/media?parent=666"}],"curies":[{"name":"wp","href":"https:\/\/api.w.org\/{rel}","templated":true}]}}