{"id":665,"date":"2023-09-05T09:05:02","date_gmt":"2023-09-05T09:05:02","guid":{"rendered":"http:\/\/stuttgart.portugal.de\/?page_id=665"},"modified":"2023-09-05T09:23:47","modified_gmt":"2023-09-05T09:23:47","slug":"constructel-2","status":"publish","type":"page","link":"http:\/\/stuttgart.portugal.de\/pt\/portugal-in-stuttgart\/investitionen\/constructel-2\/","title":{"rendered":"Constructel"},"content":{"rendered":"<div data-elementor-type=\"wp-page\" data-elementor-id=\"665\" class=\"elementor elementor-665\">\n\t\t\t\t\t\t<section class=\"elementor-section elementor-top-section elementor-element elementor-element-583bd373 elementor-section-boxed elementor-section-height-default elementor-section-height-default\" data-id=\"583bd373\" data-element_type=\"section\">\n\t\t\t\t\t\t<div class=\"elementor-container elementor-column-gap-default\">\n\t\t\t\t\t<div class=\"elementor-column elementor-col-100 elementor-top-column elementor-element elementor-element-7b42c3cc\" data-id=\"7b42c3cc\" data-element_type=\"column\">\n\t\t\t<div class=\"elementor-widget-wrap elementor-element-populated\">\n\t\t\t\t\t\t<div class=\"elementor-element elementor-element-6aa331a2 elementor-widget elementor-widget-image\" data-id=\"6aa331a2\" data-element_type=\"widget\" data-widget_type=\"image.default\">\n\t\t\t\t<div class=\"elementor-widget-container\">\n\t\t\t\t\t\t\t\t\t\t\t\t\t\t\t\t<a href=\"http:\/\/www.bree.com\">\n\t\t\t\t\t\t\t<img decoding=\"async\" width=\"200\" height=\"200\" src=\"http:\/\/stuttgart.portugal.de\/wp-content\/uploads\/2023\/09\/Constructel.jpg\" class=\"attachment-medium size-medium wp-image-659\" alt=\"\" srcset=\"http:\/\/stuttgart.portugal.de\/wp-content\/uploads\/2023\/09\/Constructel.jpg 200w, http:\/\/stuttgart.portugal.de\/wp-content\/uploads\/2023\/09\/Constructel-150x150.jpg 150w, http:\/\/stuttgart.portugal.de\/wp-content\/uploads\/2023\/09\/Constructel-12x12.jpg 12w\" sizes=\"100vw\" \/>\t\t\t\t\t\t\t\t<\/a>\n\t\t\t\t\t\t\t\t\t\t\t\t\t\t\t<\/div>\n\t\t\t\t<\/div>\n\t\t\t\t\t<\/div>\n\t\t<\/div>\n\t\t\t\t\t<\/div>\n\t\t<\/section>\n\t\t\t\t<section class=\"elementor-section elementor-top-section elementor-element elementor-element-1592a1a4 elementor-section-boxed elementor-section-height-default elementor-section-height-default\" data-id=\"1592a1a4\" data-element_type=\"section\">\n\t\t\t\t\t\t<div class=\"elementor-container elementor-column-gap-default\">\n\t\t\t\t\t<div class=\"elementor-column elementor-col-50 elementor-top-column elementor-element elementor-element-2cb6ac68\" data-id=\"2cb6ac68\" data-element_type=\"column\">\n\t\t\t<div class=\"elementor-widget-wrap elementor-element-populated\">\n\t\t\t\t\t\t<div class=\"elementor-element elementor-element-371942e6 elementor-widget elementor-widget-heading\" data-id=\"371942e6\" data-element_type=\"widget\" data-widget_type=\"heading.default\">\n\t\t\t\t<div class=\"elementor-widget-container\">\n\t\t\t\t\t<h3 class=\"elementor-heading-title elementor-size-default\">... em Portugal<\/h3>\t\t\t\t<\/div>\n\t\t\t\t<\/div>\n\t\t\t\t<div class=\"elementor-element elementor-element-6dff9b8c elementor-widget elementor-widget-text-editor\" data-id=\"6dff9b8c\" data-element_type=\"widget\" data-widget_type=\"text-editor.default\">\n\t\t\t\t<div class=\"elementor-widget-container\">\n\t\t\t\t\t\t\t\t\t<p><strong>Nome: <\/strong>Visabeira Global, SGPS, S.A.<\/p><p><strong>Localiza\u00e7\u00e3o: <\/strong>Rua Pal\u00e1cio do Gelo 1 &#8211; Piso 3, 3504-511 Viseu<\/p><p><strong style=\"font-family: var( --e-global-typography-text-font-family ), Sans-serif;\">Setor: <\/strong>Tecnologias e Inova\u00e7\u00e3o - Telecomunica\u00e7\u00f5es<\/p>\t\t\t\t\t\t\t\t<\/div>\n\t\t\t\t<\/div>\n\t\t\t\t\t<\/div>\n\t\t<\/div>\n\t\t\t\t<div class=\"elementor-column elementor-col-50 elementor-top-column elementor-element elementor-element-7eee0d1b\" data-id=\"7eee0d1b\" data-element_type=\"column\">\n\t\t\t<div class=\"elementor-widget-wrap elementor-element-populated\">\n\t\t\t\t\t\t<div class=\"elementor-element elementor-element-24493a88 elementor-widget elementor-widget-heading\" data-id=\"24493a88\" data-element_type=\"widget\" data-widget_type=\"heading.default\">\n\t\t\t\t<div class=\"elementor-widget-container\">\n\t\t\t\t\t<h3 class=\"elementor-heading-title elementor-size-default\">... na Alemanha<\/h3>\t\t\t\t<\/div>\n\t\t\t\t<\/div>\n\t\t\t\t<div class=\"elementor-element elementor-element-46af770b elementor-widget elementor-widget-text-editor\" data-id=\"46af770b\" data-element_type=\"widget\" data-widget_type=\"text-editor.default\">\n\t\t\t\t<div class=\"elementor-widget-container\">\n\t\t\t\t\t\t\t\t\t<p><strong>Nome: <\/strong>Constructel GmbH<\/p><p><strong>Localiza\u00e7\u00e3o: <\/strong>Robert-Bosch-Str. 11, 72654 Neckartenzlingen<\/p><p><strong>Setor: <\/strong>Servi\u00e7os e Distribui\u00e7\u00e3o - Constru\u00e7\u00e3o e Obras P\u00fablicas<\/p>\t\t\t\t\t\t\t\t<\/div>\n\t\t\t\t<\/div>\n\t\t\t\t\t<\/div>\n\t\t<\/div>\n\t\t\t\t\t<\/div>\n\t\t<\/section>\n\t\t\t\t<section class=\"elementor-section elementor-top-section elementor-element elementor-element-21a58d32 elementor-section-boxed elementor-section-height-default elementor-section-height-default\" data-id=\"21a58d32\" data-element_type=\"section\">\n\t\t\t\t\t\t<div class=\"elementor-container elementor-column-gap-default\">\n\t\t\t\t\t<div class=\"elementor-column elementor-col-50 elementor-top-column elementor-element elementor-element-79b42fea\" data-id=\"79b42fea\" data-element_type=\"column\">\n\t\t\t<div class=\"elementor-widget-wrap elementor-element-populated\">\n\t\t\t\t\t\t<div class=\"elementor-element elementor-element-4c8cd636 elementor-align-left elementor-widget elementor-widget-button\" data-id=\"4c8cd636\" data-element_type=\"widget\" data-widget_type=\"button.default\">\n\t\t\t\t<div class=\"elementor-widget-container\">\n\t\t\t\t\t\t\t\t\t<div class=\"elementor-button-wrapper\">\n\t\t\t\t\t<a class=\"elementor-button elementor-button-link elementor-size-sm\" href=\"http:\/\/www.visabeiraglobal.com\" target=\"_blank\">\n\t\t\t\t\t\t<span class=\"elementor-button-content-wrapper\">\n\t\t\t\t\t\t\t\t\t<span class=\"elementor-button-text\">Website<\/span>\n\t\t\t\t\t<\/span>\n\t\t\t\t\t<\/a>\n\t\t\t\t<\/div>\n\t\t\t\t\t\t\t\t<\/div>\n\t\t\t\t<\/div>\n\t\t\t\t\t<\/div>\n\t\t<\/div>\n\t\t\t\t<div class=\"elementor-column elementor-col-50 elementor-top-column elementor-element elementor-element-71460da5\" data-id=\"71460da5\" data-element_type=\"column\">\n\t\t\t<div class=\"elementor-widget-wrap elementor-element-populated\">\n\t\t\t\t\t\t<div class=\"elementor-element elementor-element-12fba1d2 elementor-align-left elementor-widget elementor-widget-button\" data-id=\"12fba1d2\" data-element_type=\"widget\" data-widget_type=\"button.default\">\n\t\t\t\t<div class=\"elementor-widget-container\">\n\t\t\t\t\t\t\t\t\t<div class=\"elementor-button-wrapper\">\n\t\t\t\t\t<a class=\"elementor-button elementor-button-link elementor-size-sm\" href=\"http:\/\/www.constructel.net\" target=\"_blank\">\n\t\t\t\t\t\t<span class=\"elementor-button-content-wrapper\">\n\t\t\t\t\t\t\t\t\t<span class=\"elementor-button-text\">Website<\/span>\n\t\t\t\t\t<\/span>\n\t\t\t\t\t<\/a>\n\t\t\t\t<\/div>\n\t\t\t\t\t\t\t\t<\/div>\n\t\t\t\t<\/div>\n\t\t\t\t\t<\/div>\n\t\t<\/div>\n\t\t\t\t\t<\/div>\n\t\t<\/section>\n\t\t\t\t<\/div>","protected":false},"excerpt":{"rendered":"<p>&#8230; in Portugal Name: Visabeira Global, SGPS, S.A. Standort: Rua Pal\u00e1cio do Gelo 1 &#8211; Piso 3, 3504-511 Viseu Branche: Technologie und Innovation &#8211; Telekommunikation &#8230; in Deutschland Name: Constructel GmbH Standort: Robert-Bosch-Str. 11, 72654 Neckartenzlingen Branche: Dienstleistungen und Vertrieb &#8211; Bauwesen und \u00f6ffentliche Arbeiten Website Website<\/p>","protected":false},"author":2,"featured_media":0,"parent":106,"menu_order":0,"comment_status":"closed","ping_status":"closed","template":"","meta":{"footnotes":"","inspiro_hide_title":false},"_links":{"self":[{"href":"http:\/\/stuttgart.portugal.de\/pt\/wp-json\/wp\/v2\/pages\/665"}],"collection":[{"href":"http:\/\/stuttgart.portugal.de\/pt\/wp-json\/wp\/v2\/pages"}],"about":[{"href":"http:\/\/stuttgart.portugal.de\/pt\/wp-json\/wp\/v2\/types\/page"}],"author":[{"embeddable":true,"href":"http:\/\/stuttgart.portugal.de\/pt\/wp-json\/wp\/v2\/users\/2"}],"replies":[{"embeddable":true,"href":"http:\/\/stuttgart.portugal.de\/pt\/wp-json\/wp\/v2\/comments?post=665"}],"version-history":[{"count":5,"href":"http:\/\/stuttgart.portugal.de\/pt\/wp-json\/wp\/v2\/pages\/665\/revisions"}],"predecessor-version":[{"id":709,"href":"http:\/\/stuttgart.portugal.de\/pt\/wp-json\/wp\/v2\/pages\/665\/revisions\/709"}],"up":[{"embeddable":true,"href":"http:\/\/stuttgart.portugal.de\/pt\/wp-json\/wp\/v2\/pages\/106"}],"wp:attachment":[{"href":"http:\/\/stuttgart.portugal.de\/pt\/wp-json\/wp\/v2\/media?parent=665"}],"curies":[{"name":"wp","href":"https:\/\/api.w.org\/{rel}","templated":true}]}}