{"id":15,"date":"2023-08-08T14:54:01","date_gmt":"2023-08-08T14:54:01","guid":{"rendered":"http:\/\/stuttgart.portugal.de\/?page_id=15"},"modified":"2023-09-05T10:24:11","modified_gmt":"2023-09-05T10:24:11","slug":"portugal-in-stuttgart","status":"publish","type":"page","link":"http:\/\/stuttgart.portugal.de\/pt\/","title":{"rendered":"Portugal em Estugarda"},"content":{"rendered":"<div data-elementor-type=\"wp-page\" data-elementor-id=\"15\" class=\"elementor elementor-15\">\n\t\t\t\t\t\t<section class=\"elementor-section elementor-top-section elementor-element elementor-element-7c2e75bd elementor-section-full_width elementor-section-content-middle elementor-section-height-default elementor-section-height-default\" data-id=\"7c2e75bd\" data-element_type=\"section\">\n\t\t\t\t\t\t<div class=\"elementor-container elementor-column-gap-wide\">\n\t\t\t\t\t<div class=\"elementor-column elementor-col-20 elementor-top-column elementor-element elementor-element-5a126b5\" data-id=\"5a126b5\" data-element_type=\"column\">\n\t\t\t<div class=\"elementor-widget-wrap elementor-element-populated\">\n\t\t\t\t\t\t<div class=\"elementor-element elementor-element-fd3ecb9 elementor-absolute elementor-invisible elementor-widget elementor-widget-heading\" data-id=\"fd3ecb9\" data-element_type=\"widget\" data-settings=\"{&quot;_position&quot;:&quot;absolute&quot;,&quot;_animation&quot;:&quot;fadeIn&quot;,&quot;_animation_delay&quot;:100}\" data-widget_type=\"heading.default\">\n\t\t\t\t<div class=\"elementor-widget-container\">\n\t\t\t\t\t<div class=\"elementor-heading-title elementor-size-default\"><a href=\"https:\/\/hamburg.portugal.de\/portugal-in-hamburg\/andere\/\">Sehensw\u00fcrdigkeiten<\/a><\/div>\t\t\t\t<\/div>\n\t\t\t\t<\/div>\n\t\t\t\t\t<\/div>\n\t\t<\/div>\n\t\t\t\t<div class=\"elementor-column elementor-col-20 elementor-top-column elementor-element elementor-element-48ca327a\" data-id=\"48ca327a\" data-element_type=\"column\">\n\t\t\t<div class=\"elementor-widget-wrap elementor-element-populated\">\n\t\t\t\t\t\t<div class=\"elementor-element elementor-element-601a1b6a elementor-widget elementor-widget-image\" data-id=\"601a1b6a\" data-element_type=\"widget\" data-settings=\"{&quot;_animation&quot;:&quot;none&quot;}\" data-widget_type=\"image.default\">\n\t\t\t\t<div class=\"elementor-widget-container\">\n\t\t\t\t\t\t\t\t\t\t\t\t\t\t\t\t<a href=\"http:\/\/stuttgart.portugal.de\/pt\/portugal-in-stuttgart\/netzwerk\/\">\n\t\t\t\t\t\t\t<img fetchpriority=\"high\" decoding=\"async\" width=\"240\" height=\"360\" src=\"http:\/\/stuttgart.portugal.de\/wp-content\/uploads\/2023\/08\/netzwerk-1-1.png\" class=\"attachment-full size-full wp-image-110\" alt=\"\" srcset=\"http:\/\/stuttgart.portugal.de\/wp-content\/uploads\/2023\/08\/netzwerk-1-1.png 240w, http:\/\/stuttgart.portugal.de\/wp-content\/uploads\/2023\/08\/netzwerk-1-1-200x300.png 200w, http:\/\/stuttgart.portugal.de\/wp-content\/uploads\/2023\/08\/netzwerk-1-1-8x12.png 8w\" sizes=\"100vw\" \/>\t\t\t\t\t\t\t\t<\/a>\n\t\t\t\t\t\t\t\t\t\t\t\t\t\t\t<\/div>\n\t\t\t\t<\/div>\n\t\t\t\t<div class=\"elementor-element elementor-element-4b1ebebc elementor-absolute elementor-invisible elementor-widget elementor-widget-heading\" data-id=\"4b1ebebc\" data-element_type=\"widget\" data-settings=\"{&quot;_position&quot;:&quot;absolute&quot;,&quot;_animation&quot;:&quot;fadeIn&quot;,&quot;_animation_delay&quot;:50}\" data-widget_type=\"heading.default\">\n\t\t\t\t<div class=\"elementor-widget-container\">\n\t\t\t\t\t<h2 class=\"elementor-heading-title elementor-size-default\"><a href=\"http:\/\/stuttgart.portugal.de\/pt\/portugal-in-stuttgart\/netzwerk\/\">Rede<\/a><\/h2>\t\t\t\t<\/div>\n\t\t\t\t<\/div>\n\t\t\t\t<div class=\"elementor-element elementor-element-2a1e1cee elementor-absolute elementor-invisible elementor-widget elementor-widget-heading\" data-id=\"2a1e1cee\" data-element_type=\"widget\" data-settings=\"{&quot;_position&quot;:&quot;absolute&quot;,&quot;_animation&quot;:&quot;fadeIn&quot;,&quot;_animation_delay&quot;:100}\" data-widget_type=\"heading.default\">\n\t\t\t\t<div class=\"elementor-widget-container\">\n\t\t\t\t\t<div class=\"elementor-heading-title elementor-size-default\"><a href=\"http:\/\/stuttgart.portugal.de\/pt\/portugal-in-stuttgart\/netzwerk\/\">Instituitionen &amp; Verb\u00e4nde<\/a><\/div>\t\t\t\t<\/div>\n\t\t\t\t<\/div>\n\t\t\t\t\t<\/div>\n\t\t<\/div>\n\t\t\t\t<div class=\"elementor-column elementor-col-20 elementor-top-column elementor-element elementor-element-09ca96a\" data-id=\"09ca96a\" data-element_type=\"column\">\n\t\t\t<div class=\"elementor-widget-wrap\">\n\t\t\t\t\t\t\t<\/div>\n\t\t<\/div>\n\t\t\t\t<div class=\"elementor-column elementor-col-20 elementor-top-column elementor-element elementor-element-219e217c\" data-id=\"219e217c\" data-element_type=\"column\">\n\t\t\t<div class=\"elementor-widget-wrap elementor-element-populated\">\n\t\t\t\t\t\t<div class=\"elementor-element elementor-element-34875414 elementor-widget elementor-widget-image\" data-id=\"34875414\" data-element_type=\"widget\" data-settings=\"{&quot;_animation&quot;:&quot;none&quot;}\" data-widget_type=\"image.default\">\n\t\t\t\t<div class=\"elementor-widget-container\">\n\t\t\t\t\t\t\t\t\t\t\t\t\t\t\t\t<a href=\"http:\/\/stuttgart.portugal.de\/pt\/portugal-in-stuttgart\/investitionen\/\">\n\t\t\t\t\t\t\t<img decoding=\"async\" width=\"240\" height=\"360\" src=\"http:\/\/stuttgart.portugal.de\/wp-content\/uploads\/2023\/08\/investitionen-scaled-e1692693143625-1.jpg\" class=\"attachment-full size-full wp-image-111\" alt=\"\" srcset=\"http:\/\/stuttgart.portugal.de\/wp-content\/uploads\/2023\/08\/investitionen-scaled-e1692693143625-1.jpg 240w, http:\/\/stuttgart.portugal.de\/wp-content\/uploads\/2023\/08\/investitionen-scaled-e1692693143625-1-200x300.jpg 200w, http:\/\/stuttgart.portugal.de\/wp-content\/uploads\/2023\/08\/investitionen-scaled-e1692693143625-1-8x12.jpg 8w\" sizes=\"100vw\" \/>\t\t\t\t\t\t\t\t<\/a>\n\t\t\t\t\t\t\t\t\t\t\t\t\t\t\t<\/div>\n\t\t\t\t<\/div>\n\t\t\t\t<div class=\"elementor-element elementor-element-505c0601 elementor-absolute elementor-invisible elementor-widget elementor-widget-heading\" data-id=\"505c0601\" data-element_type=\"widget\" data-settings=\"{&quot;_position&quot;:&quot;absolute&quot;,&quot;_animation&quot;:&quot;fadeIn&quot;,&quot;_animation_delay&quot;:50}\" data-widget_type=\"heading.default\">\n\t\t\t\t<div class=\"elementor-widget-container\">\n\t\t\t\t\t<h2 class=\"elementor-heading-title elementor-size-default\"><a href=\"http:\/\/stuttgart.portugal.de\/pt\/portugal-in-stuttgart\/investitionen\/\">Investimento<\/a><\/h2>\t\t\t\t<\/div>\n\t\t\t\t<\/div>\n\t\t\t\t<div class=\"elementor-element elementor-element-512e5802 elementor-absolute elementor-invisible elementor-widget elementor-widget-heading\" data-id=\"512e5802\" data-element_type=\"widget\" data-settings=\"{&quot;_position&quot;:&quot;absolute&quot;,&quot;_animation&quot;:&quot;fadeIn&quot;,&quot;_animation_delay&quot;:100}\" data-widget_type=\"heading.default\">\n\t\t\t\t<div class=\"elementor-widget-container\">\n\t\t\t\t\t<div class=\"elementor-heading-title elementor-size-default\"><a href=\"http:\/\/stuttgart.portugal.de\/pt\/portugal-in-stuttgart\/investitionen\/\">Empresas<\/a><\/div>\t\t\t\t<\/div>\n\t\t\t\t<\/div>\n\t\t\t\t\t<\/div>\n\t\t<\/div>\n\t\t\t\t<div class=\"elementor-column elementor-col-20 elementor-top-column elementor-element elementor-element-ba2b99f\" data-id=\"ba2b99f\" data-element_type=\"column\">\n\t\t\t<div class=\"elementor-widget-wrap elementor-element-populated\">\n\t\t\t\t\t\t<div class=\"elementor-element elementor-element-ec31dfa elementor-absolute elementor-invisible elementor-widget elementor-widget-heading\" data-id=\"ec31dfa\" data-element_type=\"widget\" data-settings=\"{&quot;_position&quot;:&quot;absolute&quot;,&quot;_animation&quot;:&quot;fadeIn&quot;,&quot;_animation_delay&quot;:100}\" data-widget_type=\"heading.default\">\n\t\t\t\t<div class=\"elementor-widget-container\">\n\t\t\t\t\t<div class=\"elementor-heading-title elementor-size-default\"><a href=\"https:\/\/hamburg.portugal.de\/portugal-in-hamburg\/andere\/\">Sehensw\u00fcrdigkeiten<\/a><\/div>\t\t\t\t<\/div>\n\t\t\t\t<\/div>\n\t\t\t\t\t<\/div>\n\t\t<\/div>\n\t\t\t\t\t<\/div>\n\t\t<\/section>\n\t\t\t\t<section class=\"elementor-section elementor-top-section elementor-element elementor-element-2e77bc43 elementor-section-full_width elementor-section-content-middle elementor-section-height-default elementor-section-height-default\" data-id=\"2e77bc43\" data-element_type=\"section\">\n\t\t\t\t\t\t<div class=\"elementor-container elementor-column-gap-wide\">\n\t\t\t\t\t<div class=\"elementor-column elementor-col-20 elementor-top-column elementor-element elementor-element-22b0d969\" data-id=\"22b0d969\" data-element_type=\"column\">\n\t\t\t<div class=\"elementor-widget-wrap elementor-element-populated\">\n\t\t\t\t\t\t<div class=\"elementor-element elementor-element-2b98bb1b elementor-absolute elementor-invisible elementor-widget elementor-widget-heading\" data-id=\"2b98bb1b\" data-element_type=\"widget\" data-settings=\"{&quot;_position&quot;:&quot;absolute&quot;,&quot;_animation&quot;:&quot;fadeIn&quot;,&quot;_animation_delay&quot;:100}\" data-widget_type=\"heading.default\">\n\t\t\t\t<div class=\"elementor-widget-container\">\n\t\t\t\t\t<div class=\"elementor-heading-title elementor-size-default\"><a href=\"https:\/\/hamburg.portugal.de\/portugal-in-hamburg\/andere\/\">Sehensw\u00fcrdigkeiten<\/a><\/div>\t\t\t\t<\/div>\n\t\t\t\t<\/div>\n\t\t\t\t\t<\/div>\n\t\t<\/div>\n\t\t\t\t<div class=\"elementor-column elementor-col-20 elementor-top-column elementor-element elementor-element-7b2bc94a\" data-id=\"7b2bc94a\" data-element_type=\"column\">\n\t\t\t<div class=\"elementor-widget-wrap elementor-element-populated\">\n\t\t\t\t\t\t<div class=\"elementor-element elementor-element-80a4942 elementor-widget elementor-widget-image\" data-id=\"80a4942\" data-element_type=\"widget\" data-settings=\"{&quot;_animation&quot;:&quot;none&quot;}\" data-widget_type=\"image.default\">\n\t\t\t\t<div class=\"elementor-widget-container\">\n\t\t\t\t\t\t\t\t\t\t\t\t\t\t\t\t<a href=\"http:\/\/stuttgart.portugal.de\/pt\/portugal-in-stuttgart\/essen-trinken\/\">\n\t\t\t\t\t\t\t<img decoding=\"async\" width=\"240\" height=\"360\" src=\"http:\/\/stuttgart.portugal.de\/wp-content\/uploads\/2023\/08\/essen_und_trinken-1-1.png\" class=\"attachment-full size-full wp-image-112\" alt=\"\" srcset=\"http:\/\/stuttgart.portugal.de\/wp-content\/uploads\/2023\/08\/essen_und_trinken-1-1.png 240w, http:\/\/stuttgart.portugal.de\/wp-content\/uploads\/2023\/08\/essen_und_trinken-1-1-200x300.png 200w, http:\/\/stuttgart.portugal.de\/wp-content\/uploads\/2023\/08\/essen_und_trinken-1-1-8x12.png 8w\" sizes=\"100vw\" \/>\t\t\t\t\t\t\t\t<\/a>\n\t\t\t\t\t\t\t\t\t\t\t\t\t\t\t<\/div>\n\t\t\t\t<\/div>\n\t\t\t\t<div class=\"elementor-element elementor-element-2712279d elementor-absolute elementor-invisible elementor-widget elementor-widget-heading\" data-id=\"2712279d\" data-element_type=\"widget\" data-settings=\"{&quot;_position&quot;:&quot;absolute&quot;,&quot;_animation&quot;:&quot;fadeIn&quot;,&quot;_animation_delay&quot;:100}\" data-widget_type=\"heading.default\">\n\t\t\t\t<div class=\"elementor-widget-container\">\n\t\t\t\t\t<div class=\"elementor-heading-title elementor-size-default\"><a href=\"http:\/\/stuttgart.portugal.de\/pt\/portugal-in-stuttgart\/essen-trinken\/\">Restaurants, Caf\u00e9s &amp; Lebensmittel<\/a><\/div>\t\t\t\t<\/div>\n\t\t\t\t<\/div>\n\t\t\t\t<div class=\"elementor-element elementor-element-36dc82bd elementor-absolute elementor-invisible elementor-widget elementor-widget-heading\" data-id=\"36dc82bd\" data-element_type=\"widget\" data-settings=\"{&quot;_position&quot;:&quot;absolute&quot;,&quot;_animation&quot;:&quot;fadeIn&quot;,&quot;_animation_delay&quot;:50}\" data-widget_type=\"heading.default\">\n\t\t\t\t<div class=\"elementor-widget-container\">\n\t\t\t\t\t<h2 class=\"elementor-heading-title elementor-size-default\"><a href=\"http:\/\/stuttgart.portugal.de\/pt\/portugal-in-stuttgart\/essen-trinken\/\">Essen &amp; Trinken<\/a><\/h2>\t\t\t\t<\/div>\n\t\t\t\t<\/div>\n\t\t\t\t\t<\/div>\n\t\t<\/div>\n\t\t\t\t<div class=\"elementor-column elementor-col-20 elementor-top-column elementor-element elementor-element-4247846e\" data-id=\"4247846e\" data-element_type=\"column\">\n\t\t\t<div class=\"elementor-widget-wrap\">\n\t\t\t\t\t\t\t<\/div>\n\t\t<\/div>\n\t\t\t\t<div class=\"elementor-column elementor-col-20 elementor-top-column elementor-element elementor-element-4c56ef36\" data-id=\"4c56ef36\" data-element_type=\"column\">\n\t\t\t<div class=\"elementor-widget-wrap elementor-element-populated\">\n\t\t\t\t\t\t<div class=\"elementor-element elementor-element-29d4c00e elementor-widget elementor-widget-image\" data-id=\"29d4c00e\" data-element_type=\"widget\" data-settings=\"{&quot;_animation&quot;:&quot;none&quot;}\" data-widget_type=\"image.default\">\n\t\t\t\t<div class=\"elementor-widget-container\">\n\t\t\t\t\t\t\t\t\t\t\t\t\t\t\t\t<a href=\"http:\/\/stuttgart.portugal.de\/pt\/portugal-in-stuttgart\/bildung-kultur\/\">\n\t\t\t\t\t\t\t<img loading=\"lazy\" decoding=\"async\" width=\"240\" height=\"360\" src=\"http:\/\/stuttgart.portugal.de\/wp-content\/uploads\/2023\/08\/bildung-1-1.png\" class=\"attachment-full size-full wp-image-113\" alt=\"\" srcset=\"http:\/\/stuttgart.portugal.de\/wp-content\/uploads\/2023\/08\/bildung-1-1.png 240w, http:\/\/stuttgart.portugal.de\/wp-content\/uploads\/2023\/08\/bildung-1-1-200x300.png 200w, http:\/\/stuttgart.portugal.de\/wp-content\/uploads\/2023\/08\/bildung-1-1-8x12.png 8w\" sizes=\"100vw\" \/>\t\t\t\t\t\t\t\t<\/a>\n\t\t\t\t\t\t\t\t\t\t\t\t\t\t\t<\/div>\n\t\t\t\t<\/div>\n\t\t\t\t<div class=\"elementor-element elementor-element-79d4f0c elementor-absolute elementor-invisible elementor-widget elementor-widget-heading\" data-id=\"79d4f0c\" data-element_type=\"widget\" data-settings=\"{&quot;_position&quot;:&quot;absolute&quot;,&quot;_animation&quot;:&quot;fadeIn&quot;,&quot;_animation_delay&quot;:50}\" data-widget_type=\"heading.default\">\n\t\t\t\t<div class=\"elementor-widget-container\">\n\t\t\t\t\t<h2 class=\"elementor-heading-title elementor-size-default\"><a href=\"http:\/\/stuttgart.portugal.de\/pt\/portugal-in-stuttgart\/bildung-kultur\/\">Bildung &amp; Kultur<\/a><\/h2>\t\t\t\t<\/div>\n\t\t\t\t<\/div>\n\t\t\t\t<div class=\"elementor-element elementor-element-1b0e95b elementor-absolute elementor-invisible elementor-widget elementor-widget-heading\" data-id=\"1b0e95b\" data-element_type=\"widget\" data-settings=\"{&quot;_position&quot;:&quot;absolute&quot;,&quot;_animation&quot;:&quot;fadeIn&quot;,&quot;_animation_delay&quot;:100}\" data-widget_type=\"heading.default\">\n\t\t\t\t<div class=\"elementor-widget-container\">\n\t\t\t\t\t<div class=\"elementor-heading-title elementor-size-default\"><a href=\"http:\/\/stuttgart.portugal.de\/pt\/portugal-in-stuttgart\/bildung-kultur\/\">Escolas<\/a><\/div>\t\t\t\t<\/div>\n\t\t\t\t<\/div>\n\t\t\t\t\t<\/div>\n\t\t<\/div>\n\t\t\t\t<div class=\"elementor-column elementor-col-20 elementor-top-column elementor-element elementor-element-6471b890\" data-id=\"6471b890\" data-element_type=\"column\">\n\t\t\t<div class=\"elementor-widget-wrap elementor-element-populated\">\n\t\t\t\t\t\t<div class=\"elementor-element elementor-element-6230f6c8 elementor-absolute elementor-invisible elementor-widget elementor-widget-heading\" data-id=\"6230f6c8\" data-element_type=\"widget\" data-settings=\"{&quot;_position&quot;:&quot;absolute&quot;,&quot;_animation&quot;:&quot;fadeIn&quot;,&quot;_animation_delay&quot;:100}\" data-widget_type=\"heading.default\">\n\t\t\t\t<div class=\"elementor-widget-container\">\n\t\t\t\t\t<div class=\"elementor-heading-title elementor-size-default\"><a href=\"https:\/\/hamburg.portugal.de\/portugal-in-hamburg\/andere\/\">Sehensw\u00fcrdigkeiten<\/a><\/div>\t\t\t\t<\/div>\n\t\t\t\t<\/div>\n\t\t\t\t\t<\/div>\n\t\t<\/div>\n\t\t\t\t\t<\/div>\n\t\t<\/section>\n\t\t\t\t<section class=\"elementor-section elementor-top-section elementor-element elementor-element-60b21a63 elementor-section-boxed elementor-section-height-default elementor-section-height-default\" data-id=\"60b21a63\" data-element_type=\"section\">\n\t\t\t\t\t\t<div class=\"elementor-container elementor-column-gap-default\">\n\t\t\t\t\t<div class=\"elementor-column elementor-col-100 elementor-top-column elementor-element elementor-element-21adf71\" data-id=\"21adf71\" data-element_type=\"column\">\n\t\t\t<div class=\"elementor-widget-wrap elementor-element-populated\">\n\t\t\t\t\t\t<div class=\"elementor-element elementor-element-111cf4bc elementor-align-center elementor-widget elementor-widget-button\" data-id=\"111cf4bc\" data-element_type=\"widget\" data-widget_type=\"button.default\">\n\t\t\t\t<div class=\"elementor-widget-container\">\n\t\t\t\t\t\t\t\t\t<div class=\"elementor-button-wrapper\">\n\t\t\t\t\t<a class=\"elementor-button elementor-button-link elementor-size-sm elementor-animation-grow\" href=\"https:\/\/portugal.de\/\" target=\"_blank\">\n\t\t\t\t\t\t<span class=\"elementor-button-content-wrapper\">\n\t\t\t\t\t\t<span class=\"elementor-button-icon\">\n\t\t\t\t<i aria-hidden=\"true\" class=\"fas fa-arrow-left\"><\/i>\t\t\t<\/span>\n\t\t\t\t\t\t\t\t\t<span class=\"elementor-button-text\">Portugal na Alemanha<\/span>\n\t\t\t\t\t<\/span>\n\t\t\t\t\t<\/a>\n\t\t\t\t<\/div>\n\t\t\t\t\t\t\t\t<\/div>\n\t\t\t\t<\/div>\n\t\t\t\t\t<\/div>\n\t\t<\/div>\n\t\t\t\t\t<\/div>\n\t\t<\/section>\n\t\t\t\t<section class=\"elementor-section elementor-top-section elementor-element elementor-element-7826dc28 elementor-section-boxed elementor-section-height-default elementor-section-height-default\" data-id=\"7826dc28\" data-element_type=\"section\">\n\t\t\t\t\t\t<div class=\"elementor-container elementor-column-gap-default\">\n\t\t\t\t\t<div class=\"elementor-column elementor-col-100 elementor-top-column elementor-element elementor-element-166a5e48\" data-id=\"166a5e48\" data-element_type=\"column\">\n\t\t\t<div class=\"elementor-widget-wrap elementor-element-populated\">\n\t\t\t\t\t\t<div class=\"elementor-element elementor-element-2a6633a0 elementor-shape-circle elementor-grid-2 e-grid-align-center elementor-widget elementor-widget-social-icons\" data-id=\"2a6633a0\" data-element_type=\"widget\" data-widget_type=\"social-icons.default\">\n\t\t\t\t<div class=\"elementor-widget-container\">\n\t\t\t\t\t\t\t<div class=\"elementor-social-icons-wrapper elementor-grid\">\n\t\t\t\t\t\t\t<span class=\"elementor-grid-item\">\n\t\t\t\t\t<a class=\"elementor-icon elementor-social-icon elementor-social-icon-linkedin elementor-repeater-item-a20c2c8\" href=\"https:\/\/de.linkedin.com\/company\/aicep-portugalglobal-deutschland\" target=\"_blank\">\n\t\t\t\t\t\t<span class=\"elementor-screen-only\">Linkedin<\/span>\n\t\t\t\t\t\t<i class=\"fab fa-linkedin\"><\/i>\t\t\t\t\t<\/a>\n\t\t\t\t<\/span>\n\t\t\t\t\t\t\t<span class=\"elementor-grid-item\">\n\t\t\t\t\t<a class=\"elementor-icon elementor-social-icon elementor-social-icon-envelope elementor-repeater-item-1505eb4\" href=\"mailto:aicep.berlin@portugalglobal.pt\" target=\"_blank\">\n\t\t\t\t\t\t<span class=\"elementor-screen-only\">Envelope<\/span>\n\t\t\t\t\t\t<i class=\"far fa-envelope\"><\/i>\t\t\t\t\t<\/a>\n\t\t\t\t<\/span>\n\t\t\t\t\t<\/div>\n\t\t\t\t\t\t<\/div>\n\t\t\t\t<\/div>\n\t\t\t\t\t<\/div>\n\t\t<\/div>\n\t\t\t\t\t<\/div>\n\t\t<\/section>\n\t\t\t\t<\/div>","protected":false},"excerpt":{"rendered":"<p>Sehensw\u00fcrdigkeiten Netzwerk Instituitionen &#038; Verb\u00e4nde Investitionen Unternehmen Sehensw\u00fcrdigkeiten Sehensw\u00fcrdigkeiten Restaurants, Caf\u00e9s &#038; Lebensmittel Essen &#038; Trinken Bildung &#038; Kultur Schulen Sehensw\u00fcrdigkeiten Portugal in Deutschland Linkedin Envelope<\/p>","protected":false},"author":2,"featured_media":14,"parent":0,"menu_order":0,"comment_status":"closed","ping_status":"closed","template":"","meta":{"footnotes":"","inspiro_hide_title":false},"_links":{"self":[{"href":"http:\/\/stuttgart.portugal.de\/pt\/wp-json\/wp\/v2\/pages\/15"}],"collection":[{"href":"http:\/\/stuttgart.portugal.de\/pt\/wp-json\/wp\/v2\/pages"}],"about":[{"href":"http:\/\/stuttgart.portugal.de\/pt\/wp-json\/wp\/v2\/types\/page"}],"author":[{"embeddable":true,"href":"http:\/\/stuttgart.portugal.de\/pt\/wp-json\/wp\/v2\/users\/2"}],"replies":[{"embeddable":true,"href":"http:\/\/stuttgart.portugal.de\/pt\/wp-json\/wp\/v2\/comments?post=15"}],"version-history":[{"count":35,"href":"http:\/\/stuttgart.portugal.de\/pt\/wp-json\/wp\/v2\/pages\/15\/revisions"}],"predecessor-version":[{"id":746,"href":"http:\/\/stuttgart.portugal.de\/pt\/wp-json\/wp\/v2\/pages\/15\/revisions\/746"}],"wp:featuredmedia":[{"embeddable":true,"href":"http:\/\/stuttgart.portugal.de\/pt\/wp-json\/wp\/v2\/media\/14"}],"wp:attachment":[{"href":"http:\/\/stuttgart.portugal.de\/pt\/wp-json\/wp\/v2\/media?parent=15"}],"curies":[{"name":"wp","href":"https:\/\/api.w.org\/{rel}","templated":true}]}}